{"id":1146,"date":"2023-12-19T09:42:11","date_gmt":"2023-12-19T09:42:11","guid":{"rendered":"https:\/\/sani.it\/catalogue-laiton\/"},"modified":"2024-01-30T13:13:47","modified_gmt":"2024-01-30T13:13:47","slug":"catalogue-laiton","status":"publish","type":"page","link":"https:\/\/sani.it\/fr\/catalogue-laiton\/","title":{"rendered":"Catalogue Laiton"},"content":{"rendered":"<p>[et_pb_section fb_built=&#8221;1&#8243; _builder_version=&#8221;4.23.4&#8243; _module_preset=&#8221;default&#8221; background_color=&#8221;#2C1814&#8243; custom_margin=&#8221;||||false|false&#8221; custom_padding=&#8221;80px||||false|false&#8221; global_colors_info=&#8221;{}&#8221;][et_pb_row _builder_version=&#8221;4.23.4&#8243; _module_preset=&#8221;default&#8221; sticky_position=&#8221;none&#8221; global_colors_info=&#8221;{}&#8221;][et_pb_column type=&#8221;4_4&#8243; _builder_version=&#8221;4.23.4&#8243; _module_preset=&#8221;default&#8221; global_colors_info=&#8221;{}&#8221;][et_pb_code _builder_version=&#8221;4.23.4&#8243; _module_preset=&#8221;default&#8221; global_colors_info=&#8221;{}&#8221;]<\/p>\n<div style=\"position:relative;padding-top:max(60%,326px);height:0;width:100%\"><iframe allow=\"clipboard-write\" sandbox=\"allow-top-navigation allow-top-navigation-by-user-activation allow-downloads allow-scripts allow-same-origin allow-popups allow-modals allow-popups-to-escape-sandbox allow-forms\" allowfullscreen=\"true\" style=\"position:absolute;border:none;width:100%;height:100%;left:0;right:0;top:0;bottom:0;\" src=\"https:\/\/e.issuu.com\/embed.html?backgroundColor=%232C1814f&amp;backgroundColorFullscreen=ecdabf&amp;d=ottone_gennaio_2023&amp;hideIssuuLogo=true&amp;u=etinet.it\"><\/iframe><\/div>\n<p>[\/et_pb_code][\/et_pb_column][\/et_pb_row][et_pb_row _builder_version=&#8221;4.23.4&#8243; _module_preset=&#8221;default&#8221; hover_enabled=&#8221;0&#8243; global_colors_info=&#8221;{}&#8221; sticky_position=&#8221;none&#8221; sticky_enabled=&#8221;0&#8243;][et_pb_column type=&#8221;4_4&#8243; _builder_version=&#8221;4.23.4&#8243; _module_preset=&#8221;default&#8221; global_colors_info=&#8221;{}&#8221;][et_pb_text _builder_version=&#8221;4.23.4&#8243; _module_preset=&#8221;default&#8221; text_text_color=&#8221;#ECDABF&#8221; global_colors_info=&#8221;{}&#8221;]<\/p>\n<p style=\"text-align: center;\">Notre catalogue de apr\u00e8s pour bijoux est compos\u00e9 de divers \u00e9l\u00e9ments tels que des bandes de bagues, des bandes de bracelets, des anneaux de connexion, des \u00e9tiquettes, des crochets, des crochets pour boucles d&#8217;oreilles, des papillons, des \u00e9crous, des \u00e9pingles, des cadres de marquage, des montures en strass, des cha\u00eenes, des tubes, des \u00e9pingles \u00e0 cheveux, des pinces \u00e0 cheveux, des \u00e9pingles, des boutons de manchette, des mousquetons, des anneaux \u00e0 ressort, des fermetures, des pinces, des anneaux de saut et de nombreux autres \u00e9l\u00e9ments pour enrichir vos cr\u00e9ations. Les pi\u00e8ces sont fabriqu\u00e9es en Italie et produites dans notre atelier \u00e0 Florence, dans le respect de la tradition du Made in Italy.<\/p>\n<p>[\/et_pb_text][\/et_pb_column][\/et_pb_row][\/et_pb_section]<\/p>\n","protected":false},"excerpt":{"rendered":"<p>Notre catalogue de apr\u00e8s pour bijoux est compos\u00e9 de divers \u00e9l\u00e9ments tels que des bandes de bagues, des bandes de bracelets, des anneaux de connexion, des \u00e9tiquettes, des crochets, des crochets pour boucles d&#8217;oreilles, des papillons, des \u00e9crous, des \u00e9pingles, des cadres de marquage, des montures en strass, des cha\u00eenes, des tubes, des \u00e9pingles \u00e0 [&hellip;]<\/p>\n","protected":false},"author":1,"featured_media":0,"parent":0,"menu_order":0,"comment_status":"closed","ping_status":"closed","template":"","meta":{"_et_pb_use_builder":"on","_et_pb_old_content":"","_et_gb_content_width":"","footnotes":""},"acf":[],"_links":{"self":[{"href":"https:\/\/sani.it\/fr\/wp-json\/wp\/v2\/pages\/1146"}],"collection":[{"href":"https:\/\/sani.it\/fr\/wp-json\/wp\/v2\/pages"}],"about":[{"href":"https:\/\/sani.it\/fr\/wp-json\/wp\/v2\/types\/page"}],"author":[{"embeddable":true,"href":"https:\/\/sani.it\/fr\/wp-json\/wp\/v2\/users\/1"}],"replies":[{"embeddable":true,"href":"https:\/\/sani.it\/fr\/wp-json\/wp\/v2\/comments?post=1146"}],"version-history":[{"count":8,"href":"https:\/\/sani.it\/fr\/wp-json\/wp\/v2\/pages\/1146\/revisions"}],"predecessor-version":[{"id":1155,"href":"https:\/\/sani.it\/fr\/wp-json\/wp\/v2\/pages\/1146\/revisions\/1155"}],"wp:attachment":[{"href":"https:\/\/sani.it\/fr\/wp-json\/wp\/v2\/media?parent=1146"}],"curies":[{"name":"wp","href":"https:\/\/api.w.org\/{rel}","templated":true}]}}